{"id":739980,"date":"2022-03-31T16:42:05","date_gmt":"2022-03-31T14:42:05","guid":{"rendered":"https:\/\/r2d2.fk-secondhand.com\/shop\/newmowa-akku-hl-12-li-ion-2-stueck-fuer-canon-lp-e12-und-ladegeraet\/"},"modified":"2022-03-31T16:42:10","modified_gmt":"2022-03-31T14:42:10","slug":"newmowa-akku-hl-12-li-ion-2-stueck-fuer-canon-lp-e12-und-ladegeraet","status":"publish","type":"product","link":"https:\/\/fk-secondhand.com\/en\/shop\/newmowa-akku-hl-12-li-ion-2-stueck-fuer-canon-lp-e12-und-ladegeraet\/","title":{"rendered":"Newmowa Akku HL-12 Li-Ion (2 St\u00fcck) f\u00fcr Canon LP-E12 und Ladeger\u00e4t"},"content":{"rendered":"<table class=\"woocommerce-product-attributes shop_attributes\">\n<tbody>\n<tr class=\"woocommerce-product-attributes-item wr-product-desc no-pair\">\n<th>&nbsp;<\/th>\n<td class=\"woocommerce-product-attributes-item__value\">Charger for two HL-12 Li-Ion batteries<\/td>\n<\/tr>\n<tr class=\"woocommerce-product-attributes-item wr-product-desc no-pair\">\n<th>&nbsp;<\/th>\n<td class=\"woocommerce-product-attributes-item__value\">2x Li-Ion HL-12 batteries<\/td>\n<\/tr>\n<\/tbody>\n<\/table>\n","protected":false},"excerpt":{"rendered":"<p>Newmowa Charger and Battery HL-12 Li-Ion (2 pieces) for Canon LP-E12<\/p>\n","protected":false},"featured_media":739975,"template":"","meta":[],"product_brand":[],"product_cat":[344],"product_tag":[],"class_list":{"0":"post-739980","1":"product","2":"type-product","3":"status-publish","4":"has-post-thumbnail","6":"product_cat-power-supply","7":"product_shipping_class-mail-up-to-2-kg","9":"first","10":"instock","11":"purchasable","12":"product-type-simple"},"_links":{"self":[{"href":"https:\/\/fk-secondhand.com\/en\/wp-json\/wp\/v2\/product\/739980","targetHints":{"allow":["GET"]}}],"collection":[{"href":"https:\/\/fk-secondhand.com\/en\/wp-json\/wp\/v2\/product"}],"about":[{"href":"https:\/\/fk-secondhand.com\/en\/wp-json\/wp\/v2\/types\/product"}],"wp:featuredmedia":[{"embeddable":true,"href":"https:\/\/fk-secondhand.com\/en\/wp-json\/wp\/v2\/media\/739975"}],"wp:attachment":[{"href":"https:\/\/fk-secondhand.com\/en\/wp-json\/wp\/v2\/media?parent=739980"}],"wp:term":[{"taxonomy":"product_brand","embeddable":true,"href":"https:\/\/fk-secondhand.com\/en\/wp-json\/wp\/v2\/product_brand?post=739980"},{"taxonomy":"product_cat","embeddable":true,"href":"https:\/\/fk-secondhand.com\/en\/wp-json\/wp\/v2\/product_cat?post=739980"},{"taxonomy":"product_tag","embeddable":true,"href":"https:\/\/fk-secondhand.com\/en\/wp-json\/wp\/v2\/product_tag?post=739980"}],"curies":[{"name":"wp","href":"https:\/\/api.w.org\/{rel}","templated":true}]}}