{"id":758174,"date":"2022-05-03T12:20:45","date_gmt":"2022-05-03T10:20:45","guid":{"rendered":"https:\/\/r2d2.fk-secondhand.com\/shop\/buecherkonvolut-bildbaende-5-stueck\/"},"modified":"2022-05-03T12:20:47","modified_gmt":"2022-05-03T10:20:47","slug":"buecherkonvolut-bildbaende-5-stueck","status":"publish","type":"product","link":"https:\/\/fk-secondhand.com\/en\/shop\/buecherkonvolut-bildbaende-5-stueck\/","title":{"rendered":"B\u00fccherkonvolut &#8211; Bildb\u00e4nde &#8211; 5 St\u00fcck"},"content":{"rendered":"<table class=\"woocommerce-product-attributes shop_attributes\">\n<tbody>\n<tr class=\"woocommerce-product-attributes-item wr-product-desc no-pair\">\n<th>&nbsp;<\/th>\n<td class=\"woocommerce-product-attributes-item__value\">1 x hardcover, 4 x paperback<\/td>\n<\/tr>\n<tr class=\"woocommerce-product-attributes-item wr-product-desc no-pair\">\n<th>&nbsp;<\/th>\n<td class=\"woocommerce-product-attributes-item__value\">German and English<\/td>\n<\/tr>\n<\/tbody>\n<\/table>\n","protected":false},"excerpt":{"rendered":"<p>Various books about photography<\/p>\n","protected":false},"featured_media":758173,"template":"","meta":[],"product_brand":[],"product_cat":[1332,1335],"product_tag":[],"class_list":{"0":"post-758174","1":"product","2":"type-product","3":"status-publish","4":"has-post-thumbnail","6":"product_cat-books-journals-magazines","7":"product_cat-sets-convolutes","8":"product_shipping_class-mail-up-to-2-kg","10":"first","11":"outofstock","12":"purchasable","13":"product-type-simple"},"_links":{"self":[{"href":"https:\/\/fk-secondhand.com\/en\/wp-json\/wp\/v2\/product\/758174","targetHints":{"allow":["GET"]}}],"collection":[{"href":"https:\/\/fk-secondhand.com\/en\/wp-json\/wp\/v2\/product"}],"about":[{"href":"https:\/\/fk-secondhand.com\/en\/wp-json\/wp\/v2\/types\/product"}],"wp:featuredmedia":[{"embeddable":true,"href":"https:\/\/fk-secondhand.com\/en\/wp-json\/wp\/v2\/media\/758173"}],"wp:attachment":[{"href":"https:\/\/fk-secondhand.com\/en\/wp-json\/wp\/v2\/media?parent=758174"}],"wp:term":[{"taxonomy":"product_brand","embeddable":true,"href":"https:\/\/fk-secondhand.com\/en\/wp-json\/wp\/v2\/product_brand?post=758174"},{"taxonomy":"product_cat","embeddable":true,"href":"https:\/\/fk-secondhand.com\/en\/wp-json\/wp\/v2\/product_cat?post=758174"},{"taxonomy":"product_tag","embeddable":true,"href":"https:\/\/fk-secondhand.com\/en\/wp-json\/wp\/v2\/product_tag?post=758174"}],"curies":[{"name":"wp","href":"https:\/\/api.w.org\/{rel}","templated":true}]}}