{"id":766963,"date":"2022-05-19T09:41:18","date_gmt":"2022-05-19T07:41:18","guid":{"rendered":"https:\/\/r2d2.fk-secondhand.com\/shop\/haehnel-tuff-ttl-fuer-canon-funk-fernausloeser-wireless-flash-trigger-2\/"},"modified":"2022-05-19T09:41:22","modified_gmt":"2022-05-19T07:41:22","slug":"haehnel-tuff-ttl-fuer-canon-funk-fernausloeser-wireless-flash-trigger-2","status":"publish","type":"product","link":"https:\/\/fk-secondhand.com\/en\/shop\/haehnel-tuff-ttl-fuer-canon-funk-fernausloeser-wireless-flash-trigger-2\/","title":{"rendered":"H\u00e4hnel Tuff TTL f\u00fcr Canon Funk Fernausl\u00f6ser \/ Wireless Flash Trigger"},"content":{"rendered":"<table class=\"woocommerce-product-attributes shop_attributes\">\n<tbody>\n<tr class=\"woocommerce-product-attributes-item wr-product-desc no-pair\">\n<th>&nbsp;<\/th>\n<td class=\"woocommerce-product-attributes-item__value\">TTL control<\/td>\n<\/tr>\n<tr class=\"woocommerce-product-attributes-item wr-product-desc no-pair\">\n<th>&nbsp;<\/th>\n<td class=\"woocommerce-product-attributes-item__value\">High speed synchronization <\/td>\n<\/tr>\n<tr class=\"woocommerce-product-attributes-item wr-product-desc no-pair\">\n<th>&nbsp;<\/th>\n<td class=\"woocommerce-product-attributes-item__value\">Exposure compensation possible<\/td>\n<\/tr>\n<tr class=\"woocommerce-product-attributes-item wr-product-desc no-pair\">\n<th>&nbsp;<\/th>\n<td class=\"woocommerce-product-attributes-item__value\">100m range<\/td>\n<\/tr>\n<\/tbody>\n<\/table>\n","protected":false},"excerpt":{"rendered":"<p>Remote trigger for Canon Speedlites &#8211; Trigger only <\/p>\n","protected":false},"featured_media":766958,"template":"","meta":[],"product_brand":[],"product_cat":[1329],"product_tag":[],"class_list":{"0":"post-766963","1":"product","2":"type-product","3":"status-publish","4":"has-post-thumbnail","6":"product_cat-accessories-for-flash-guns","7":"product_shipping_class-mail-up-to-2-kg","8":"pa_marke-haehnel-en","10":"first","11":"outofstock","12":"purchasable","13":"product-type-simple"},"_links":{"self":[{"href":"https:\/\/fk-secondhand.com\/en\/wp-json\/wp\/v2\/product\/766963","targetHints":{"allow":["GET"]}}],"collection":[{"href":"https:\/\/fk-secondhand.com\/en\/wp-json\/wp\/v2\/product"}],"about":[{"href":"https:\/\/fk-secondhand.com\/en\/wp-json\/wp\/v2\/types\/product"}],"wp:featuredmedia":[{"embeddable":true,"href":"https:\/\/fk-secondhand.com\/en\/wp-json\/wp\/v2\/media\/766958"}],"wp:attachment":[{"href":"https:\/\/fk-secondhand.com\/en\/wp-json\/wp\/v2\/media?parent=766963"}],"wp:term":[{"taxonomy":"product_brand","embeddable":true,"href":"https:\/\/fk-secondhand.com\/en\/wp-json\/wp\/v2\/product_brand?post=766963"},{"taxonomy":"product_cat","embeddable":true,"href":"https:\/\/fk-secondhand.com\/en\/wp-json\/wp\/v2\/product_cat?post=766963"},{"taxonomy":"product_tag","embeddable":true,"href":"https:\/\/fk-secondhand.com\/en\/wp-json\/wp\/v2\/product_tag?post=766963"}],"curies":[{"name":"wp","href":"https:\/\/api.w.org\/{rel}","templated":true}]}}