{"id":768672,"date":"2022-05-23T11:39:11","date_gmt":"2022-05-23T09:39:11","guid":{"rendered":"https:\/\/r2d2.fk-secondhand.com\/shop\/buecher-konvolut-diverse-buecher-5-stueck-2\/"},"modified":"2022-05-23T11:39:15","modified_gmt":"2022-05-23T09:39:15","slug":"buecher-konvolut-diverse-buecher-5-stueck-2","status":"publish","type":"product","link":"https:\/\/fk-secondhand.com\/en\/shop\/buecher-konvolut-diverse-buecher-5-stueck-2\/","title":{"rendered":"B\u00fccher Konvolut &#8211; diverse B\u00fccher &#8211; 5 St\u00fcck"},"content":{"rendered":"<table class=\"woocommerce-product-attributes shop_attributes\">\n<tbody>\n<tr class=\"woocommerce-product-attributes-item wr-product-desc\">\n<th class=\"woocommerce-product-attributes-item__label\">Title<\/th>\n<td class=\"woocommerce-product-attributes-item__value\">\n<p>Mein Hobby: Natur fotografieren<\/p>\n<\/td>\n<\/tr>\n<tr class=\"woocommerce-product-attributes-item wr-product-desc\">\n<th class=\"woocommerce-product-attributes-item__label\">Publisher<\/th>\n<td class=\"woocommerce-product-attributes-item__value\">\n<p>BLV Verlagsgesellschaft<\/p>\n<\/td>\n<\/tr>\n<tr class=\"woocommerce-product-attributes-item wr-product-desc\">\n<th class=\"woocommerce-product-attributes-item__label\">Authors<\/th>\n<td class=\"woocommerce-product-attributes-item__value\">\n<p>Dr. Eckart Pott<\/p>\n<\/td>\n<\/tr>\n<tr class=\"woocommerce-product-attributes-item wr-product-desc\">\n<th class=\"woocommerce-product-attributes-item__label\">ISBN<\/th>\n<td class=\"woocommerce-product-attributes-item__value\">\n<p>3-405-13079-4<\/p>\n<\/td>\n<\/tr>\n<tr class=\"woocommerce-product-attributes-item wr-product-desc\">\n<th class=\"woocommerce-product-attributes-item__label\">Released<\/th>\n<td class=\"woocommerce-product-attributes-item__value\">\n<p>1985<\/p>\n<\/td>\n<\/tr>\n<tr class=\"woocommerce-product-attributes-item wr-product-desc\">\n<th class=\"woocommerce-product-attributes-item__label\">Language<\/th>\n<td class=\"woocommerce-product-attributes-item__value\">\n<p>German<\/p>\n<\/td>\n<\/tr>\n<tr class=\"woocommerce-product-attributes-item wr-product-desc\">\n<th class=\"woocommerce-product-attributes-item__label\">Format<\/th>\n<td class=\"woocommerce-product-attributes-item__value\">\n<p>Paperback<\/p>\n<\/td>\n<\/tr>\n<tr class=\"woocommerce-product-attributes-item wr-product-desc\">\n<th class=\"woocommerce-product-attributes-item__label\">Number of Pages<\/th>\n<td class=\"woocommerce-product-attributes-item__value\">\n<p>191<\/p>\n<\/td>\n<\/tr>\n<tr class=\"woocommerce-product-attributes-item wr-product-desc\">\n<th class=\"woocommerce-product-attributes-item__label\">Illustrations<\/th>\n<td class=\"woocommerce-product-attributes-item__value\">\n<p>Colored and Black&amp;White<\/p>\n<\/td>\n<\/tr>\n<tr class=\"woocommerce-product-attributes-item wr-product-desc empty\">\n<th>&nbsp;<\/th>\n<td>&nbsp;<\/td>\n<\/tr>\n<tr class=\"woocommerce-product-attributes-item wr-product-desc\">\n<th class=\"woocommerce-product-attributes-item__label\">Title<\/th>\n<td class=\"woocommerce-product-attributes-item__value\">\n<p>Die Welt ist voller Farbe<\/p>\n<\/td>\n<\/tr>\n<tr class=\"woocommerce-product-attributes-item wr-product-desc\">\n<th class=\"woocommerce-product-attributes-item__label\">Publisher<\/th>\n<td class=\"woocommerce-product-attributes-item__value\">\n<p>Studio Lenek<\/p>\n<\/td>\n<\/tr>\n<tr class=\"woocommerce-product-attributes-item wr-product-desc\">\n<th class=\"woocommerce-product-attributes-item__label\">Authors<\/th>\n<td class=\"woocommerce-product-attributes-item__value\">\n<p>Florian Adler<\/p>\n<\/td>\n<\/tr>\n<tr class=\"woocommerce-product-attributes-item wr-product-desc\">\n<th class=\"woocommerce-product-attributes-item__label\">Released<\/th>\n<td class=\"woocommerce-product-attributes-item__value\">\n<p>1979<\/p>\n<\/td>\n<\/tr>\n<tr class=\"woocommerce-product-attributes-item wr-product-desc\">\n<th class=\"woocommerce-product-attributes-item__label\">Language<\/th>\n<td class=\"woocommerce-product-attributes-item__value\">\n<p>German<\/p>\n<\/td>\n<\/tr>\n<tr class=\"woocommerce-product-attributes-item wr-product-desc\">\n<th class=\"woocommerce-product-attributes-item__label\">Format<\/th>\n<td class=\"woocommerce-product-attributes-item__value\">\n<p>Hardcover<\/p>\n<\/td>\n<\/tr>\n<tr class=\"woocommerce-product-attributes-item wr-product-desc\">\n<th class=\"woocommerce-product-attributes-item__label\">Number of Pages<\/th>\n<td class=\"woocommerce-product-attributes-item__value\">\n<p>192<\/p>\n<\/td>\n<\/tr>\n<tr class=\"woocommerce-product-attributes-item wr-product-desc\">\n<th class=\"woocommerce-product-attributes-item__label\">Illustrations<\/th>\n<td class=\"woocommerce-product-attributes-item__value\">\n<p>Colored<\/p>\n<\/td>\n<\/tr>\n<tr class=\"woocommerce-product-attributes-item wr-product-desc empty\">\n<th>&nbsp;<\/th>\n<td>&nbsp;<\/td>\n<\/tr>\n<tr class=\"woocommerce-product-attributes-item wr-product-desc\">\n<th class=\"woocommerce-product-attributes-item__label\">Title<\/th>\n<td class=\"woocommerce-product-attributes-item__value\">\n<p>Gevaert Photo Handbuch<\/p>\n<\/td>\n<\/tr>\n<tr class=\"woocommerce-product-attributes-item wr-product-desc\">\n<th class=\"woocommerce-product-attributes-item__label\">Publisher<\/th>\n<td class=\"woocommerce-product-attributes-item__value\">\n<p>Gevaert Photo-Producten N.V.<\/p>\n<\/td>\n<\/tr>\n<tr class=\"woocommerce-product-attributes-item wr-product-desc\">\n<th class=\"woocommerce-product-attributes-item__label\">Authors<\/th>\n<td class=\"woocommerce-product-attributes-item__value\">\n<p>A.H.S. Craeybeckx<\/p>\n<\/td>\n<\/tr>\n<tr class=\"woocommerce-product-attributes-item wr-product-desc\">\n<th class=\"woocommerce-product-attributes-item__label\">Released<\/th>\n<td class=\"woocommerce-product-attributes-item__value\">\n<p>1956<\/p>\n<\/td>\n<\/tr>\n<tr class=\"woocommerce-product-attributes-item wr-product-desc\">\n<th class=\"woocommerce-product-attributes-item__label\">Edition<\/th>\n<td class=\"woocommerce-product-attributes-item__value\">\n<p>17<\/p>\n<\/td>\n<\/tr>\n<tr class=\"woocommerce-product-attributes-item wr-product-desc\">\n<th class=\"woocommerce-product-attributes-item__label\">Language<\/th>\n<td class=\"woocommerce-product-attributes-item__value\">\n<p>German<\/p>\n<\/td>\n<\/tr>\n<tr class=\"woocommerce-product-attributes-item wr-product-desc\">\n<th class=\"woocommerce-product-attributes-item__label\">Format<\/th>\n<td class=\"woocommerce-product-attributes-item__value\">\n<p>Hardcover<\/p>\n<\/td>\n<\/tr>\n<tr class=\"woocommerce-product-attributes-item wr-product-desc\">\n<th class=\"woocommerce-product-attributes-item__label\">Number of Pages<\/th>\n<td class=\"woocommerce-product-attributes-item__value\">\n<p>450<\/p>\n<\/td>\n<\/tr>\n<tr class=\"woocommerce-product-attributes-item wr-product-desc\">\n<th class=\"woocommerce-product-attributes-item__label\">Illustrations<\/th>\n<td class=\"woocommerce-product-attributes-item__value\">\n<p>Colored and Black&amp;White<\/p>\n<\/td>\n<\/tr>\n<tr class=\"woocommerce-product-attributes-item wr-product-desc empty\">\n<th>&nbsp;<\/th>\n<td>&nbsp;<\/td>\n<\/tr>\n<tr class=\"woocommerce-product-attributes-item wr-product-desc\">\n<th class=\"woocommerce-product-attributes-item__label\">Title<\/th>\n<td class=\"woocommerce-product-attributes-item__value\">\n<p>Olympus Fotoschule<\/p>\n<\/td>\n<\/tr>\n<tr class=\"woocommerce-product-attributes-item wr-product-desc\">\n<th class=\"woocommerce-product-attributes-item__label\">Publisher<\/th>\n<td class=\"woocommerce-product-attributes-item__value\">\n<p>Verlag Photographie<\/p>\n<\/td>\n<\/tr>\n<tr class=\"woocommerce-product-attributes-item wr-product-desc\">\n<th class=\"woocommerce-product-attributes-item__label\">Authors<\/th>\n<td class=\"woocommerce-product-attributes-item__value\">\n<p>Richard H\u00fcnecke<\/p>\n<\/td>\n<\/tr>\n<tr class=\"woocommerce-product-attributes-item wr-product-desc\">\n<th class=\"woocommerce-product-attributes-item__label\">ISBN<\/th>\n<td class=\"woocommerce-product-attributes-item__value\">\n<p>3-7231-2900-5<\/p>\n<\/td>\n<\/tr>\n<tr class=\"woocommerce-product-attributes-item wr-product-desc\">\n<th class=\"woocommerce-product-attributes-item__label\">Language<\/th>\n<td class=\"woocommerce-product-attributes-item__value\">\n<p>German<\/p>\n<\/td>\n<\/tr>\n<tr class=\"woocommerce-product-attributes-item wr-product-desc\">\n<th class=\"woocommerce-product-attributes-item__label\">Format<\/th>\n<td class=\"woocommerce-product-attributes-item__value\">\n<p>Hardcover<\/p>\n<\/td>\n<\/tr>\n<tr class=\"woocommerce-product-attributes-item wr-product-desc\">\n<th class=\"woocommerce-product-attributes-item__label\">Number of Pages<\/th>\n<td class=\"woocommerce-product-attributes-item__value\">\n<p>314<\/p>\n<\/td>\n<\/tr>\n<tr class=\"woocommerce-product-attributes-item wr-product-desc\">\n<th class=\"woocommerce-product-attributes-item__label\">Illustrations<\/th>\n<td class=\"woocommerce-product-attributes-item__value\">\n<p>Colored and Black&amp;White<\/p>\n<\/td>\n<\/tr>\n<tr class=\"woocommerce-product-attributes-item wr-product-desc empty\">\n<th>&nbsp;<\/th>\n<td>&nbsp;<\/td>\n<\/tr>\n<tr class=\"woocommerce-product-attributes-item wr-product-desc\">\n<th class=\"woocommerce-product-attributes-item__label\">Title<\/th>\n<td class=\"woocommerce-product-attributes-item__value\">\n<p>Tolle Bilder machen<\/p>\n<\/td>\n<\/tr>\n<tr class=\"woocommerce-product-attributes-item wr-product-desc\">\n<th class=\"woocommerce-product-attributes-item__label\">Publisher<\/th>\n<td class=\"woocommerce-product-attributes-item__value\">\n<p>S\u00fcdwest Verlag M\u00fcnchen<\/p>\n<\/td>\n<\/tr>\n<tr class=\"woocommerce-product-attributes-item wr-product-desc\">\n<th class=\"woocommerce-product-attributes-item__label\">Authors<\/th>\n<td class=\"woocommerce-product-attributes-item__value\">\n<p>Fritz Meisnitzer<\/p>\n<\/td>\n<\/tr>\n<tr class=\"woocommerce-product-attributes-item wr-product-desc\">\n<th class=\"woocommerce-product-attributes-item__label\">ISBN<\/th>\n<td class=\"woocommerce-product-attributes-item__value\">\n<p>3-517-00825-7<\/p>\n<\/td>\n<\/tr>\n<tr class=\"woocommerce-product-attributes-item wr-product-desc\">\n<th class=\"woocommerce-product-attributes-item__label\">Released<\/th>\n<td class=\"woocommerce-product-attributes-item__value\">\n<p>1984<\/p>\n<\/td>\n<\/tr>\n<tr class=\"woocommerce-product-attributes-item wr-product-desc\">\n<th class=\"woocommerce-product-attributes-item__label\">Language<\/th>\n<td class=\"woocommerce-product-attributes-item__value\">\n<p>German<\/p>\n<\/td>\n<\/tr>\n<tr class=\"woocommerce-product-attributes-item wr-product-desc\">\n<th class=\"woocommerce-product-attributes-item__label\">Format<\/th>\n<td class=\"woocommerce-product-attributes-item__value\">\n<p>Hardcover<\/p>\n<\/td>\n<\/tr>\n<tr class=\"woocommerce-product-attributes-item wr-product-desc\">\n<th class=\"woocommerce-product-attributes-item__label\">Number of Pages<\/th>\n<td class=\"woocommerce-product-attributes-item__value\">\n<p>79<\/p>\n<\/td>\n<\/tr>\n<tr class=\"woocommerce-product-attributes-item wr-product-desc\">\n<th class=\"woocommerce-product-attributes-item__label\">Illustrations<\/th>\n<td class=\"woocommerce-product-attributes-item__value\">\n<p>Colored<\/p>\n<\/td>\n<\/tr>\n<\/tbody>\n<\/table>\n","protected":false},"excerpt":{"rendered":"<p>Convolute photography textbooks<\/p>\n","protected":false},"featured_media":768665,"template":"","meta":[],"product_brand":[],"product_cat":[1332],"product_tag":[],"class_list":{"0":"post-768672","1":"product","2":"type-product","3":"status-publish","4":"has-post-thumbnail","6":"product_cat-books-journals-magazines","7":"product_shipping_class-mail-up-to-2-kg","9":"first","10":"outofstock","11":"purchasable","12":"product-type-simple"},"_links":{"self":[{"href":"https:\/\/fk-secondhand.com\/en\/wp-json\/wp\/v2\/product\/768672","targetHints":{"allow":["GET"]}}],"collection":[{"href":"https:\/\/fk-secondhand.com\/en\/wp-json\/wp\/v2\/product"}],"about":[{"href":"https:\/\/fk-secondhand.com\/en\/wp-json\/wp\/v2\/types\/product"}],"wp:featuredmedia":[{"embeddable":true,"href":"https:\/\/fk-secondhand.com\/en\/wp-json\/wp\/v2\/media\/768665"}],"wp:attachment":[{"href":"https:\/\/fk-secondhand.com\/en\/wp-json\/wp\/v2\/media?parent=768672"}],"wp:term":[{"taxonomy":"product_brand","embeddable":true,"href":"https:\/\/fk-secondhand.com\/en\/wp-json\/wp\/v2\/product_brand?post=768672"},{"taxonomy":"product_cat","embeddable":true,"href":"https:\/\/fk-secondhand.com\/en\/wp-json\/wp\/v2\/product_cat?post=768672"},{"taxonomy":"product_tag","embeddable":true,"href":"https:\/\/fk-secondhand.com\/en\/wp-json\/wp\/v2\/product_tag?post=768672"}],"curies":[{"name":"wp","href":"https:\/\/api.w.org\/{rel}","templated":true}]}}