{"id":78520,"date":"2022-02-21T09:40:06","date_gmt":"2022-02-21T08:40:06","guid":{"rendered":"https:\/\/r2d2.fk-secondhand.com\/shop\/tasche-grau\/"},"modified":"2022-02-21T09:40:10","modified_gmt":"2022-02-21T08:40:10","slug":"tasche-grau","status":"publish","type":"product","link":"https:\/\/fk-secondhand.com\/en\/shop\/tasche-grau\/","title":{"rendered":"Tasche grau"},"content":{"rendered":"<table class=\"woocommerce-product-attributes shop_attributes\">\n<tbody>\n<tr class=\"woocommerce-product-attributes-item wr-product-desc\">\n<th class=\"woocommerce-product-attributes-item__label\">Au\u00dfenma\u00dfe<\/th>\n<td class=\"woocommerce-product-attributes-item__value\">\n<p>17 x 20 x 13 cm (BxHxT);<\/p>\n<\/td>\n<\/tr>\n<tr class=\"woocommerce-product-attributes-item wr-product-desc\">\n<th class=\"woocommerce-product-attributes-item__label\">Innenma\u00dfe<\/th>\n<td class=\"woocommerce-product-attributes-item__value\">\n<p>15 x 16 x 10,5 cm (BxHxT)<\/p>\n<\/td>\n<\/tr>\n<tr class=\"woocommerce-product-attributes-item wr-product-desc\">\n<th class=\"woocommerce-product-attributes-item__label\">Farbe<\/th>\n<td class=\"woocommerce-product-attributes-item__value\">\n<p>Grau<\/p>\n<\/td>\n<\/tr>\n<tr class=\"woocommerce-product-attributes-item wr-product-desc\">\n<th class=\"woocommerce-product-attributes-item__label\">Gr\u00f6\u00dfe<\/th>\n<td class=\"woocommerce-product-attributes-item__value\">\n<p>M.<\/p>\n<\/td>\n<\/tr>\n<\/tbody>\n<\/table>\n","protected":false},"excerpt":{"rendered":"<p>Pedea DSLR-Kameratasche Mode Fototasche f\u00fcr Spiegelreflexkameras mit wasserdichtem Regenschutz, Tragegurt und Zubeh\u00f6rf\u00e4chern<\/p>\n","protected":false},"featured_media":78515,"template":"","meta":[],"product_brand":[],"product_cat":[337],"product_tag":[],"class_list":{"0":"post-78520","1":"product","2":"type-product","3":"status-publish","4":"has-post-thumbnail","6":"product_cat-bags","7":"product_shipping_class-mail-up-to-2-kg","9":"first","10":"outofstock","11":"purchasable","12":"product-type-simple"},"_links":{"self":[{"href":"https:\/\/fk-secondhand.com\/en\/wp-json\/wp\/v2\/product\/78520","targetHints":{"allow":["GET"]}}],"collection":[{"href":"https:\/\/fk-secondhand.com\/en\/wp-json\/wp\/v2\/product"}],"about":[{"href":"https:\/\/fk-secondhand.com\/en\/wp-json\/wp\/v2\/types\/product"}],"wp:featuredmedia":[{"embeddable":true,"href":"https:\/\/fk-secondhand.com\/en\/wp-json\/wp\/v2\/media\/78515"}],"wp:attachment":[{"href":"https:\/\/fk-secondhand.com\/en\/wp-json\/wp\/v2\/media?parent=78520"}],"wp:term":[{"taxonomy":"product_brand","embeddable":true,"href":"https:\/\/fk-secondhand.com\/en\/wp-json\/wp\/v2\/product_brand?post=78520"},{"taxonomy":"product_cat","embeddable":true,"href":"https:\/\/fk-secondhand.com\/en\/wp-json\/wp\/v2\/product_cat?post=78520"},{"taxonomy":"product_tag","embeddable":true,"href":"https:\/\/fk-secondhand.com\/en\/wp-json\/wp\/v2\/product_tag?post=78520"}],"curies":[{"name":"wp","href":"https:\/\/api.w.org\/{rel}","templated":true}]}}