{"id":824182,"date":"2022-09-23T10:43:18","date_gmt":"2022-09-23T08:43:18","guid":{"rendered":"https:\/\/r2d2.fk-secondhand.com\/shop\/konvolut-buecher-analoge-fotografie-13-stueck\/"},"modified":"2022-09-23T10:43:23","modified_gmt":"2022-09-23T08:43:23","slug":"konvolut-buecher-analoge-fotografie-13-stueck","status":"publish","type":"product","link":"https:\/\/fk-secondhand.com\/en\/shop\/konvolut-buecher-analoge-fotografie-13-stueck\/","title":{"rendered":"Konvolut B\u00fccher &#8211; Analoge Fotografie (13 St\u00fcck)"},"content":{"rendered":"<table class=\"woocommerce-product-attributes shop_attributes\">\n<tbody>\n<tr class=\"woocommerce-product-attributes-item wr-product-desc no-pair\">\n<th>&nbsp;<\/th>\n<td class=\"woocommerce-product-attributes-item__value\">Mein Fotolabor &#8211; Fritz Meisnitzer &#8211; Joachim Richter Verlag &#8211; 280 pages<\/td>\n<\/tr>\n<tr class=\"woocommerce-product-attributes-item wr-product-desc no-pair\">\n<th>&nbsp;<\/th>\n<td class=\"woocommerce-product-attributes-item__value\">Colorentwickeln Colorvergr\u00f6\u00dfern mit TENTALcolo &#8211; 106 pages<\/td>\n<\/tr>\n<tr class=\"woocommerce-product-attributes-item wr-product-desc no-pair\">\n<th>&nbsp;<\/th>\n<td class=\"woocommerce-product-attributes-item__value\">Vergr\u00f6\u00dfern Teil II farbig &#8211; G\u00fcnter Spitzing &#8211; Laterna magica &#8211; 281 pages<\/td>\n<\/tr>\n<tr class=\"woocommerce-product-attributes-item wr-product-desc no-pair\">\n<th>&nbsp;<\/th>\n<td class=\"woocommerce-product-attributes-item__value\">Die ILFORD Positivtechnik &#8211; Jost J. Marchesi &#8211; Verlag Photo-Cine &#8211; 195 pages<\/td>\n<\/tr>\n<tr class=\"woocommerce-product-attributes-item wr-product-desc no-pair\">\n<th>&nbsp;<\/th>\n<td class=\"woocommerce-product-attributes-item__value\">Richtig Color entwickeln Eine Einf\u00fchrung in die Color-Technik &#8211; 28 pages<\/td>\n<\/tr>\n<tr class=\"woocommerce-product-attributes-item wr-product-desc no-pair\">\n<th>&nbsp;<\/th>\n<td class=\"woocommerce-product-attributes-item__value\">Das Hobby-Fotolabor heute &#8211; Volker Wachs &#8211; Kindermann &amp; Co Verlag &#8211; 48 pages<\/td>\n<\/tr>\n<tr class=\"woocommerce-product-attributes-item wr-product-desc no-pair\">\n<th>&nbsp;<\/th>\n<td class=\"woocommerce-product-attributes-item__value\">Gestaltungstips f\u00fcrs Heimlabor &#8211; Kodak &#8211; 7 pages<\/td>\n<\/tr>\n<tr class=\"woocommerce-product-attributes-item wr-product-desc no-pair\">\n<th>&nbsp;<\/th>\n<td class=\"woocommerce-product-attributes-item__value\">Kodak Professional Produkte &#8211; Kodak &#8211; 43 pages<\/td>\n<\/tr>\n<tr class=\"woocommerce-product-attributes-item wr-product-desc no-pair\">\n<th>&nbsp;<\/th>\n<td class=\"woocommerce-product-attributes-item__value\">richtig entwickeln Eine Einf\u00fchrung in die Phototechnik &#8211; 1975 Tental &#8211; 48 pages<\/td>\n<\/tr>\n<tr class=\"woocommerce-product-attributes-item wr-product-desc no-pair\">\n<th>&nbsp;<\/th>\n<td class=\"woocommerce-product-attributes-item__value\">EIN DUTZEND GUTE IDEEN F\u00dcR BESSERE BILDER &#8211; Durst &#8211; 19 pages<\/td>\n<\/tr>\n<tr class=\"woocommerce-product-attributes-item wr-product-desc no-pair\">\n<th>&nbsp;<\/th>\n<td class=\"woocommerce-product-attributes-item__value\">Kodak Tips f\u00fcrs Heimlabor Color erfolgreich vergr\u00f6\u00dfern &#8211; Kodak &#8211; 40 pages<\/td>\n<\/tr>\n<tr class=\"woocommerce-product-attributes-item wr-product-desc\">\n<th class=\"woocommerce-product-attributes-item__label\">Grundlagen der Fotografie<\/th>\n<td class=\"woocommerce-product-attributes-item__value\">\n<p>Farblabor praxis &#8211; Michael Huber &#8211; Laterna magica &#8211; 196 pages<\/p>\n<\/td>\n<\/tr>\n<\/tbody>\n<\/table>\n","protected":false},"excerpt":{"rendered":"<p>Various books about analog photography &#8211; 13 pieces  &#8211; German <\/p>\n","protected":false},"featured_media":824177,"template":"","meta":[],"product_brand":[],"product_cat":[1335],"product_tag":[],"class_list":{"0":"post-824182","1":"product","2":"type-product","3":"status-publish","4":"has-post-thumbnail","6":"product_cat-sets-convolutes","7":"product_shipping_class-mail-up-to-2-kg","9":"first","10":"outofstock","11":"purchasable","12":"product-type-simple"},"_links":{"self":[{"href":"https:\/\/fk-secondhand.com\/en\/wp-json\/wp\/v2\/product\/824182","targetHints":{"allow":["GET"]}}],"collection":[{"href":"https:\/\/fk-secondhand.com\/en\/wp-json\/wp\/v2\/product"}],"about":[{"href":"https:\/\/fk-secondhand.com\/en\/wp-json\/wp\/v2\/types\/product"}],"wp:featuredmedia":[{"embeddable":true,"href":"https:\/\/fk-secondhand.com\/en\/wp-json\/wp\/v2\/media\/824177"}],"wp:attachment":[{"href":"https:\/\/fk-secondhand.com\/en\/wp-json\/wp\/v2\/media?parent=824182"}],"wp:term":[{"taxonomy":"product_brand","embeddable":true,"href":"https:\/\/fk-secondhand.com\/en\/wp-json\/wp\/v2\/product_brand?post=824182"},{"taxonomy":"product_cat","embeddable":true,"href":"https:\/\/fk-secondhand.com\/en\/wp-json\/wp\/v2\/product_cat?post=824182"},{"taxonomy":"product_tag","embeddable":true,"href":"https:\/\/fk-secondhand.com\/en\/wp-json\/wp\/v2\/product_tag?post=824182"}],"curies":[{"name":"wp","href":"https:\/\/api.w.org\/{rel}","templated":true}]}}