{"id":824809,"date":"2022-09-27T14:21:32","date_gmt":"2022-09-27T12:21:32","guid":{"rendered":"https:\/\/r2d2.fk-secondhand.com\/shop\/haehnel-mcl103-ladegeraet-fuer-videokameras\/"},"modified":"2022-09-27T14:21:38","modified_gmt":"2022-09-27T12:21:38","slug":"haehnel-mcl103-ladegeraet-fuer-videokameras","status":"publish","type":"product","link":"https:\/\/fk-secondhand.com\/en\/shop\/haehnel-mcl103-ladegeraet-fuer-videokameras\/","title":{"rendered":"H\u00e4hnel MCL103 &#8211; Ladeger\u00e4t f\u00fcr Videokameras"},"content":{"rendered":"<table class=\"woocommerce-product-attributes shop_attributes\">\n<tbody>\n<tr class=\"woocommerce-product-attributes-item wr-product-desc no-pair\">\n<th>&nbsp;<\/th>\n<td class=\"woocommerce-product-attributes-item__value\">Universal Li-Ion battery charger for charging AA and AAA batteries and Panasonic camera batteries.<br \/>\nIncluded 12 V car charging cable<\/td>\n<\/tr>\n<\/tbody>\n<\/table>\n","protected":false},"excerpt":{"rendered":"<p>12V &#8211; Hahnel MCL103 Panasonic universal charger<\/p>\n","protected":false},"featured_media":824804,"template":"","meta":[],"product_brand":[],"product_cat":[344],"product_tag":[],"class_list":{"0":"post-824809","1":"product","2":"type-product","3":"status-publish","4":"has-post-thumbnail","6":"product_cat-power-supply","7":"product_shipping_class-mail-up-to-2-kg","8":"pa_marke-haehnel-en","10":"first","11":"instock","12":"taxable","13":"shipping-taxable","14":"purchasable","15":"product-type-simple"},"_links":{"self":[{"href":"https:\/\/fk-secondhand.com\/en\/wp-json\/wp\/v2\/product\/824809","targetHints":{"allow":["GET"]}}],"collection":[{"href":"https:\/\/fk-secondhand.com\/en\/wp-json\/wp\/v2\/product"}],"about":[{"href":"https:\/\/fk-secondhand.com\/en\/wp-json\/wp\/v2\/types\/product"}],"wp:featuredmedia":[{"embeddable":true,"href":"https:\/\/fk-secondhand.com\/en\/wp-json\/wp\/v2\/media\/824804"}],"wp:attachment":[{"href":"https:\/\/fk-secondhand.com\/en\/wp-json\/wp\/v2\/media?parent=824809"}],"wp:term":[{"taxonomy":"product_brand","embeddable":true,"href":"https:\/\/fk-secondhand.com\/en\/wp-json\/wp\/v2\/product_brand?post=824809"},{"taxonomy":"product_cat","embeddable":true,"href":"https:\/\/fk-secondhand.com\/en\/wp-json\/wp\/v2\/product_cat?post=824809"},{"taxonomy":"product_tag","embeddable":true,"href":"https:\/\/fk-secondhand.com\/en\/wp-json\/wp\/v2\/product_tag?post=824809"}],"curies":[{"name":"wp","href":"https:\/\/api.w.org\/{rel}","templated":true}]}}