{"id":832031,"date":"2022-10-18T11:20:37","date_gmt":"2022-10-18T09:20:37","guid":{"rendered":"https:\/\/r2d2.fk-secondhand.com\/shop\/leica-displayschutzfolie-fuer-groesse-3-19625\/"},"modified":"2022-10-18T11:20:44","modified_gmt":"2022-10-18T09:20:44","slug":"leica-displayschutzfolie-fuer-groesse-3-19625","status":"publish","type":"product","link":"https:\/\/fk-secondhand.com\/en\/shop\/leica-displayschutzfolie-fuer-groesse-3-19625\/","title":{"rendered":"Leica Displayschutzfolie f\u00fcr Gr\u00f6\u00dfe 3 19625"},"content":{"rendered":"<table class=\"woocommerce-product-attributes shop_attributes\">\n<tbody>\n<tr class=\"woocommerce-product-attributes-item wr-product-desc\">\n<th class=\"woocommerce-product-attributes-item__label\">Model<\/th>\n<td class=\"woocommerce-product-attributes-item__value\">\n<p>19625<\/p>\n<\/td>\n<\/tr>\n<tr class=\"woocommerce-product-attributes-item wr-product-desc\">\n<th class=\"woocommerce-product-attributes-item__label\">Suitable for<\/th>\n<td class=\"woocommerce-product-attributes-item__value\">\n<p>Size 3 ( SL2 \/ SL2-S ) <\/p>\n<\/td>\n<\/tr>\n<tr class=\"woocommerce-product-attributes-item wr-product-desc\">\n<th class=\"woocommerce-product-attributes-item__label\">Contents<\/th>\n<td class=\"woocommerce-product-attributes-item__value\">\n<p>1x Premium Hybrid Glass, 1x wet cleaning cloth, 1x microfiber cloth<\/p>\n<\/td>\n<\/tr>\n<tr class=\"woocommerce-product-attributes-item wr-product-desc no-pair\">\n<th>&nbsp;<\/th>\n<td class=\"woocommerce-product-attributes-item__value\">Made in Germany  <\/td>\n<\/tr>\n<\/tbody>\n<\/table>\n","protected":false},"excerpt":{"rendered":"<p>Leica display protection film <\/p>\n","protected":false},"featured_media":832026,"template":"","meta":[],"product_brand":[],"product_cat":[1342],"product_tag":[],"class_list":{"0":"post-832031","1":"product","2":"type-product","3":"status-publish","4":"has-post-thumbnail","6":"product_cat-device-protection-caps-covers","7":"product_shipping_class-mail-up-to-2-kg","8":"pa_marke-leica-en","10":"first","11":"outofstock","12":"taxable","13":"shipping-taxable","14":"purchasable","15":"product-type-simple"},"_links":{"self":[{"href":"https:\/\/fk-secondhand.com\/en\/wp-json\/wp\/v2\/product\/832031","targetHints":{"allow":["GET"]}}],"collection":[{"href":"https:\/\/fk-secondhand.com\/en\/wp-json\/wp\/v2\/product"}],"about":[{"href":"https:\/\/fk-secondhand.com\/en\/wp-json\/wp\/v2\/types\/product"}],"wp:featuredmedia":[{"embeddable":true,"href":"https:\/\/fk-secondhand.com\/en\/wp-json\/wp\/v2\/media\/832026"}],"wp:attachment":[{"href":"https:\/\/fk-secondhand.com\/en\/wp-json\/wp\/v2\/media?parent=832031"}],"wp:term":[{"taxonomy":"product_brand","embeddable":true,"href":"https:\/\/fk-secondhand.com\/en\/wp-json\/wp\/v2\/product_brand?post=832031"},{"taxonomy":"product_cat","embeddable":true,"href":"https:\/\/fk-secondhand.com\/en\/wp-json\/wp\/v2\/product_cat?post=832031"},{"taxonomy":"product_tag","embeddable":true,"href":"https:\/\/fk-secondhand.com\/en\/wp-json\/wp\/v2\/product_tag?post=832031"}],"curies":[{"name":"wp","href":"https:\/\/api.w.org\/{rel}","templated":true}]}}