{"id":838051,"date":"2022-11-04T13:35:47","date_gmt":"2022-11-04T12:35:47","guid":{"rendered":"https:\/\/r2d2.fk-secondhand.com\/shop\/nikon-cb-n2000sf-bereitschaftstasche-fuer-nikon-1-schwarz\/"},"modified":"2022-11-04T13:35:54","modified_gmt":"2022-11-04T12:35:54","slug":"nikon-cb-n2000sf-bereitschaftstasche-fuer-nikon-1-schwarz","status":"publish","type":"product","link":"https:\/\/fk-secondhand.com\/en\/shop\/nikon-cb-n2000sf-bereitschaftstasche-fuer-nikon-1-schwarz\/","title":{"rendered":"Nikon CB-N2000SF Bereitschaftstasche f\u00fcr Nikon 1 schwarz"},"content":{"rendered":"<table class=\"woocommerce-product-attributes shop_attributes\">\n<tbody>\n<tr class=\"woocommerce-product-attributes-item wr-product-desc no-pair\">\n<th>&nbsp;<\/th>\n<td class=\"woocommerce-product-attributes-item__value\">Bereitschaftstasche f\u00fcr bestimmte Nikon-1-Kameras mit integrierter Schutzh\u00fclle f\u00fcr montiertes Objektiv 1 NIKKOR VR 10\u201330 mm 1:3,5\u20135,6 PD-ZOOM<\/td>\n<\/tr>\n<\/tbody>\n<\/table>\n","protected":false},"excerpt":{"rendered":"<p>Nikon CB-N2210SA 1 Ready Bag<\/p>\n","protected":false},"featured_media":838044,"template":"","meta":[],"product_brand":[],"product_cat":[1337],"product_tag":[],"class_list":{"0":"post-838051","1":"product","2":"type-product","3":"status-publish","4":"has-post-thumbnail","6":"product_cat-soft-hard-ready-bags","7":"product_shipping_class-mail-up-to-2-kg","8":"pa_marke-nikon-en","10":"first","11":"outofstock","12":"taxable","13":"shipping-taxable","14":"purchasable","15":"product-type-simple"},"_links":{"self":[{"href":"https:\/\/fk-secondhand.com\/en\/wp-json\/wp\/v2\/product\/838051","targetHints":{"allow":["GET"]}}],"collection":[{"href":"https:\/\/fk-secondhand.com\/en\/wp-json\/wp\/v2\/product"}],"about":[{"href":"https:\/\/fk-secondhand.com\/en\/wp-json\/wp\/v2\/types\/product"}],"wp:featuredmedia":[{"embeddable":true,"href":"https:\/\/fk-secondhand.com\/en\/wp-json\/wp\/v2\/media\/838044"}],"wp:attachment":[{"href":"https:\/\/fk-secondhand.com\/en\/wp-json\/wp\/v2\/media?parent=838051"}],"wp:term":[{"taxonomy":"product_brand","embeddable":true,"href":"https:\/\/fk-secondhand.com\/en\/wp-json\/wp\/v2\/product_brand?post=838051"},{"taxonomy":"product_cat","embeddable":true,"href":"https:\/\/fk-secondhand.com\/en\/wp-json\/wp\/v2\/product_cat?post=838051"},{"taxonomy":"product_tag","embeddable":true,"href":"https:\/\/fk-secondhand.com\/en\/wp-json\/wp\/v2\/product_tag?post=838051"}],"curies":[{"name":"wp","href":"https:\/\/api.w.org\/{rel}","templated":true}]}}