{"id":83911,"date":"2022-02-21T17:21:33","date_gmt":"2022-02-21T16:21:33","guid":{"rendered":"https:\/\/r2d2.fk-secondhand.com\/shop\/kindermann-haengetank-rahmen-fuer-6x9-2-stueck\/"},"modified":"2022-02-21T17:21:37","modified_gmt":"2022-02-21T16:21:37","slug":"kindermann-haengetank-rahmen-fuer-6x9-2-stueck","status":"publish","type":"product","link":"https:\/\/fk-secondhand.com\/en\/shop\/kindermann-haengetank-rahmen-fuer-6x9-2-stueck\/","title":{"rendered":"KINDERMANN H\u00e4ngetank-Rahmen f\u00fcr 6&#215;9 (2 St\u00fcck)"},"content":{"rendered":"<table class=\"woocommerce-product-attributes shop_attributes\">\n<tbody>\n<tr class=\"woocommerce-product-attributes-item wr-product-desc no-pair\">\n<th>&nbsp;<\/th>\n<td class=\"woocommerce-product-attributes-item__value\">For suspended tank<\/td>\n<\/tr>\n<tr class=\"woocommerce-product-attributes-item wr-product-desc no-pair\">\n<th>&nbsp;<\/th>\n<td class=\"woocommerce-product-attributes-item__value\">For 6&#215;9<\/td>\n<\/tr>\n<\/tbody>\n<\/table>\n","protected":false},"excerpt":{"rendered":"<p>Kindermann frame<\/p>\n","protected":false},"featured_media":83905,"template":"","meta":[],"product_brand":[],"product_cat":[101],"product_tag":[],"class_list":{"0":"post-83911","1":"product","2":"type-product","3":"status-publish","4":"has-post-thumbnail","6":"product_cat-film-developing","7":"product_shipping_class-mail-up-to-2-kg","9":"first","10":"instock","11":"purchasable","12":"product-type-simple"},"_links":{"self":[{"href":"https:\/\/fk-secondhand.com\/en\/wp-json\/wp\/v2\/product\/83911","targetHints":{"allow":["GET"]}}],"collection":[{"href":"https:\/\/fk-secondhand.com\/en\/wp-json\/wp\/v2\/product"}],"about":[{"href":"https:\/\/fk-secondhand.com\/en\/wp-json\/wp\/v2\/types\/product"}],"wp:featuredmedia":[{"embeddable":true,"href":"https:\/\/fk-secondhand.com\/en\/wp-json\/wp\/v2\/media\/83905"}],"wp:attachment":[{"href":"https:\/\/fk-secondhand.com\/en\/wp-json\/wp\/v2\/media?parent=83911"}],"wp:term":[{"taxonomy":"product_brand","embeddable":true,"href":"https:\/\/fk-secondhand.com\/en\/wp-json\/wp\/v2\/product_brand?post=83911"},{"taxonomy":"product_cat","embeddable":true,"href":"https:\/\/fk-secondhand.com\/en\/wp-json\/wp\/v2\/product_cat?post=83911"},{"taxonomy":"product_tag","embeddable":true,"href":"https:\/\/fk-secondhand.com\/en\/wp-json\/wp\/v2\/product_tag?post=83911"}],"curies":[{"name":"wp","href":"https:\/\/api.w.org\/{rel}","templated":true}]}}