{"id":841657,"date":"2022-11-16T09:10:34","date_gmt":"2022-11-16T08:10:34","guid":{"rendered":"https:\/\/r2d2.fk-secondhand.com\/shop\/durst-platine-fuer-vergroesserer-ohne-gewinde-ausriss-35mm\/"},"modified":"2022-11-16T09:10:42","modified_gmt":"2022-11-16T08:10:42","slug":"durst-platine-fuer-vergroesserer-ohne-gewinde-ausriss-35mm","status":"publish","type":"product","link":"https:\/\/fk-secondhand.com\/en\/shop\/durst-platine-fuer-vergroesserer-ohne-gewinde-ausriss-35mm\/","title":{"rendered":"Durst Platine f\u00fcr Vergr\u00f6\u00dferer (ohne Gewinde) Ausriss 35mm"},"content":{"rendered":"<table class=\"woocommerce-product-attributes shop_attributes\">\n<tbody>\n<tr class=\"woocommerce-product-attributes-item wr-product-desc\">\n<th class=\"woocommerce-product-attributes-item__label\">Tear out<\/th>\n<td class=\"woocommerce-product-attributes-item__value\">\n<p>35 mm<br \/>\nMade of metal<\/p>\n<\/td>\n<\/tr>\n<\/tbody>\n<\/table>\n","protected":false},"excerpt":{"rendered":"<p>Durst plate for enlarger &#8211; without thread <\/p>\n","protected":false},"featured_media":841652,"template":"","meta":[],"product_brand":[],"product_cat":[105],"product_tag":[],"class_list":{"0":"post-841657","1":"product","2":"type-product","3":"status-publish","4":"has-post-thumbnail","6":"product_cat-enlarging-accessories","7":"product_shipping_class-mail-up-to-2-kg","8":"pa_marke-durst-en","10":"first","11":"instock","12":"purchasable","13":"product-type-simple"},"_links":{"self":[{"href":"https:\/\/fk-secondhand.com\/en\/wp-json\/wp\/v2\/product\/841657","targetHints":{"allow":["GET"]}}],"collection":[{"href":"https:\/\/fk-secondhand.com\/en\/wp-json\/wp\/v2\/product"}],"about":[{"href":"https:\/\/fk-secondhand.com\/en\/wp-json\/wp\/v2\/types\/product"}],"wp:featuredmedia":[{"embeddable":true,"href":"https:\/\/fk-secondhand.com\/en\/wp-json\/wp\/v2\/media\/841652"}],"wp:attachment":[{"href":"https:\/\/fk-secondhand.com\/en\/wp-json\/wp\/v2\/media?parent=841657"}],"wp:term":[{"taxonomy":"product_brand","embeddable":true,"href":"https:\/\/fk-secondhand.com\/en\/wp-json\/wp\/v2\/product_brand?post=841657"},{"taxonomy":"product_cat","embeddable":true,"href":"https:\/\/fk-secondhand.com\/en\/wp-json\/wp\/v2\/product_cat?post=841657"},{"taxonomy":"product_tag","embeddable":true,"href":"https:\/\/fk-secondhand.com\/en\/wp-json\/wp\/v2\/product_tag?post=841657"}],"curies":[{"name":"wp","href":"https:\/\/api.w.org\/{rel}","templated":true}]}}