{"id":844066,"date":"2022-11-23T12:40:20","date_gmt":"2022-11-23T11:40:20","guid":{"rendered":"https:\/\/r2d2.fk-secondhand.com\/shop\/diverse-verschlussbloecke-fuer-holzkameras-4-stueck-defekt\/"},"modified":"2022-11-23T12:40:28","modified_gmt":"2022-11-23T11:40:28","slug":"diverse-verschlussbloecke-fuer-holzkameras-4-stueck-defekt","status":"publish","type":"product","link":"https:\/\/fk-secondhand.com\/en\/shop\/diverse-verschlussbloecke-fuer-holzkameras-4-stueck-defekt\/","title":{"rendered":"Diverse Verschlussbl\u00f6cke f\u00fcr Holzkameras &#8211; 4 St\u00fcck Defekt"},"content":{"rendered":"<table class=\"woocommerce-product-attributes shop_attributes\">\n<tbody>\n<tr class=\"woocommerce-product-attributes-item wr-product-desc\">\n<th class=\"woocommerce-product-attributes-item__label\">1x wooden locking block<br \/>\nDimension<\/th>\n<td class=\"woocommerce-product-attributes-item__value\">\n<p>8,5 x 6,5 cm<br \/>\n Hole: \u00d8 4 cm <\/p>\n<p>1x wooden locking block<br \/>\nDimension: 10,5 x 8,0 cm<br \/>\n hole: \u00d8 6,5 cm <\/p>\n<p>1x wooden locking block<br \/>\nDimension: 16 x 12,5 cm<br \/>\n hole: \u00d8 8,5 cm <\/p>\n<p>1x wooden locking block<br \/>\nDimension: 9,0 x 6,5 cm<br \/>\nHole: \u00d8 4.5 cm<\/p>\n<\/td>\n<\/tr>\n<\/tbody>\n<\/table>\n","protected":false},"excerpt":{"rendered":"<p>4 pieces locking blocks for wooden cameras<\/p>\n<p>::: DEFECTIVE :::<\/p>\n","protected":false},"featured_media":844061,"template":"","meta":[],"product_brand":[],"product_cat":[2021],"product_tag":[],"class_list":{"0":"post-844066","1":"product","2":"type-product","3":"status-publish","4":"has-post-thumbnail","6":"product_cat-other-photographica","7":"product_shipping_class-mail-up-to-2-kg","9":"first","10":"instock","11":"purchasable","12":"product-type-simple"},"_links":{"self":[{"href":"https:\/\/fk-secondhand.com\/en\/wp-json\/wp\/v2\/product\/844066","targetHints":{"allow":["GET"]}}],"collection":[{"href":"https:\/\/fk-secondhand.com\/en\/wp-json\/wp\/v2\/product"}],"about":[{"href":"https:\/\/fk-secondhand.com\/en\/wp-json\/wp\/v2\/types\/product"}],"wp:featuredmedia":[{"embeddable":true,"href":"https:\/\/fk-secondhand.com\/en\/wp-json\/wp\/v2\/media\/844061"}],"wp:attachment":[{"href":"https:\/\/fk-secondhand.com\/en\/wp-json\/wp\/v2\/media?parent=844066"}],"wp:term":[{"taxonomy":"product_brand","embeddable":true,"href":"https:\/\/fk-secondhand.com\/en\/wp-json\/wp\/v2\/product_brand?post=844066"},{"taxonomy":"product_cat","embeddable":true,"href":"https:\/\/fk-secondhand.com\/en\/wp-json\/wp\/v2\/product_cat?post=844066"},{"taxonomy":"product_tag","embeddable":true,"href":"https:\/\/fk-secondhand.com\/en\/wp-json\/wp\/v2\/product_tag?post=844066"}],"curies":[{"name":"wp","href":"https:\/\/api.w.org\/{rel}","templated":true}]}}