{"id":85016,"date":"2022-02-21T21:09:17","date_gmt":"2022-02-21T20:09:17","guid":{"rendered":"https:\/\/r2d2.fk-secondhand.com\/shop\/agfa-toourenkarte-mit-photo-fuehrer-noe-und-noerdliches-burgenland-2\/"},"modified":"2022-02-21T21:12:56","modified_gmt":"2022-02-21T20:12:56","slug":"agfa-toourenkarte-mit-photo-fuehrer-noe-und-noerdliches-burgenland-2","status":"publish","type":"product","link":"https:\/\/fk-secondhand.com\/en\/shop\/agfa-toourenkarte-mit-photo-fuehrer-noe-und-noerdliches-burgenland-2\/","title":{"rendered":"Agfa Toourenkarte mit Photo-F\u00fchrer N\u00d6 und N\u00f6rdliches Burgenland"},"content":{"rendered":"<table class=\"woocommerce-product-attributes shop_attributes\">\n<tbody>\n<tr class=\"woocommerce-product-attributes-item wr-product-desc no-pair\">\n<th>&nbsp;<\/th>\n<td class=\"woocommerce-product-attributes-item__value\">Tour map with photo guide for Lower Austria and Northern Burgenland<\/td>\n<\/tr>\n<tr class=\"woocommerce-product-attributes-item wr-product-desc no-pair\">\n<th>&nbsp;<\/th>\n<td class=\"woocommerce-product-attributes-item__value\">1962<\/td>\n<\/tr>\n<tr class=\"woocommerce-product-attributes-item wr-product-desc no-pair\">\n<th>&nbsp;<\/th>\n<td class=\"woocommerce-product-attributes-item__value\">German language <\/td>\n<\/tr>\n<\/tbody>\n<\/table>\n","protected":false},"excerpt":{"rendered":"<p>Agfa tour card<\/p>\n","protected":false},"featured_media":85011,"template":"","meta":[],"product_brand":[],"product_cat":[321],"product_tag":[],"class_list":{"0":"post-85016","1":"product","2":"type-product","3":"status-publish","4":"has-post-thumbnail","6":"product_cat-small-parts-accessories","7":"product_shipping_class-mail-up-to-2-kg","8":"pa_marke-agfa-en","10":"first","11":"outofstock","12":"purchasable","13":"product-type-simple"},"_links":{"self":[{"href":"https:\/\/fk-secondhand.com\/en\/wp-json\/wp\/v2\/product\/85016","targetHints":{"allow":["GET"]}}],"collection":[{"href":"https:\/\/fk-secondhand.com\/en\/wp-json\/wp\/v2\/product"}],"about":[{"href":"https:\/\/fk-secondhand.com\/en\/wp-json\/wp\/v2\/types\/product"}],"wp:featuredmedia":[{"embeddable":true,"href":"https:\/\/fk-secondhand.com\/en\/wp-json\/wp\/v2\/media\/85011"}],"wp:attachment":[{"href":"https:\/\/fk-secondhand.com\/en\/wp-json\/wp\/v2\/media?parent=85016"}],"wp:term":[{"taxonomy":"product_brand","embeddable":true,"href":"https:\/\/fk-secondhand.com\/en\/wp-json\/wp\/v2\/product_brand?post=85016"},{"taxonomy":"product_cat","embeddable":true,"href":"https:\/\/fk-secondhand.com\/en\/wp-json\/wp\/v2\/product_cat?post=85016"},{"taxonomy":"product_tag","embeddable":true,"href":"https:\/\/fk-secondhand.com\/en\/wp-json\/wp\/v2\/product_tag?post=85016"}],"curies":[{"name":"wp","href":"https:\/\/api.w.org\/{rel}","templated":true}]}}