{"id":868961,"date":"2023-01-24T08:16:47","date_gmt":"2023-01-24T07:16:47","guid":{"rendered":"https:\/\/fk-secondhand.com\/shop\/philips-einlagemasken-fuer-5x5cm-dias-vergroesserer\/"},"modified":"2023-01-24T08:16:57","modified_gmt":"2023-01-24T07:16:57","slug":"philips-einlagemasken-fuer-5x5cm-dias-vergroesserer","status":"publish","type":"product","link":"https:\/\/fk-secondhand.com\/en\/shop\/philips-einlagemasken-fuer-5x5cm-dias-vergroesserer\/","title":{"rendered":"Philips Einlagemasken f\u00fcr 5x5cm Dias Vergr\u00f6\u00dferer"},"content":{"rendered":"<table class=\"woocommerce-product-attributes shop_attributes\">\n<tbody>\n<tr class=\"woocommerce-product-attributes-item wr-product-desc no-pair\">\n<th>&nbsp;<\/th>\n<td class=\"woocommerce-product-attributes-item__value\">Metal masks with glass<br \/>\nFor 5&#215;5 cm slides<br \/>\nType PCB 150<br \/>\n9146 901 57125<br \/>\nMade in Japan<\/td>\n<\/tr>\n<\/tbody>\n<\/table>\n","protected":false},"excerpt":{"rendered":"<p>Philips insert masks for enlarger<\/p>\n","protected":false},"featured_media":868956,"template":"","meta":[],"product_brand":[],"product_cat":[105],"product_tag":[],"class_list":{"0":"post-868961","1":"product","2":"type-product","3":"status-publish","4":"has-post-thumbnail","6":"product_cat-enlarging-accessories","7":"product_shipping_class-mail-up-to-2-kg","9":"first","10":"instock","11":"purchasable","12":"product-type-simple"},"_links":{"self":[{"href":"https:\/\/fk-secondhand.com\/en\/wp-json\/wp\/v2\/product\/868961","targetHints":{"allow":["GET"]}}],"collection":[{"href":"https:\/\/fk-secondhand.com\/en\/wp-json\/wp\/v2\/product"}],"about":[{"href":"https:\/\/fk-secondhand.com\/en\/wp-json\/wp\/v2\/types\/product"}],"wp:featuredmedia":[{"embeddable":true,"href":"https:\/\/fk-secondhand.com\/en\/wp-json\/wp\/v2\/media\/868956"}],"wp:attachment":[{"href":"https:\/\/fk-secondhand.com\/en\/wp-json\/wp\/v2\/media?parent=868961"}],"wp:term":[{"taxonomy":"product_brand","embeddable":true,"href":"https:\/\/fk-secondhand.com\/en\/wp-json\/wp\/v2\/product_brand?post=868961"},{"taxonomy":"product_cat","embeddable":true,"href":"https:\/\/fk-secondhand.com\/en\/wp-json\/wp\/v2\/product_cat?post=868961"},{"taxonomy":"product_tag","embeddable":true,"href":"https:\/\/fk-secondhand.com\/en\/wp-json\/wp\/v2\/product_tag?post=868961"}],"curies":[{"name":"wp","href":"https:\/\/api.w.org\/{rel}","templated":true}]}}