{"id":868969,"date":"2023-01-24T08:25:23","date_gmt":"2023-01-24T07:25:23","guid":{"rendered":"https:\/\/fk-secondhand.com\/shop\/haehnel-remote-shutter-release-ausloeser-fuer-canon-beca\/"},"modified":"2023-01-24T08:25:34","modified_gmt":"2023-01-24T07:25:34","slug":"haehnel-remote-shutter-release-ausloeser-fuer-canon-beca","status":"publish","type":"product","link":"https:\/\/fk-secondhand.com\/en\/shop\/haehnel-remote-shutter-release-ausloeser-fuer-canon-beca\/","title":{"rendered":"H\u00e4hnel Remote Shutter Release &#8211; Ausl\u00f6ser f\u00fcr Canon BECA"},"content":{"rendered":"<table class=\"woocommerce-product-attributes shop_attributes\">\n<tbody>\n<tr class=\"woocommerce-product-attributes-item wr-product-desc\">\n<th class=\"woocommerce-product-attributes-item__label\">Cable length<\/th>\n<td class=\"woocommerce-product-attributes-item__value\">\n<p>80 cm<br \/>\n3 pole connection<\/p>\n<\/td>\n<\/tr>\n<\/tbody>\n<\/table>\n","protected":false},"excerpt":{"rendered":"<p>H\u00e4hnel cable release for Canon<\/p>\n","protected":false},"featured_media":868964,"template":"","meta":[],"product_brand":[],"product_cat":[342],"product_tag":[],"class_list":{"0":"post-868969","1":"product","2":"type-product","3":"status-publish","4":"has-post-thumbnail","6":"product_cat-camera-triggers-remotes","7":"product_shipping_class-mail-up-to-2-kg","8":"pa_marke-haehnel-en","10":"first","11":"instock","12":"purchasable","13":"product-type-simple"},"_links":{"self":[{"href":"https:\/\/fk-secondhand.com\/en\/wp-json\/wp\/v2\/product\/868969","targetHints":{"allow":["GET"]}}],"collection":[{"href":"https:\/\/fk-secondhand.com\/en\/wp-json\/wp\/v2\/product"}],"about":[{"href":"https:\/\/fk-secondhand.com\/en\/wp-json\/wp\/v2\/types\/product"}],"wp:featuredmedia":[{"embeddable":true,"href":"https:\/\/fk-secondhand.com\/en\/wp-json\/wp\/v2\/media\/868964"}],"wp:attachment":[{"href":"https:\/\/fk-secondhand.com\/en\/wp-json\/wp\/v2\/media?parent=868969"}],"wp:term":[{"taxonomy":"product_brand","embeddable":true,"href":"https:\/\/fk-secondhand.com\/en\/wp-json\/wp\/v2\/product_brand?post=868969"},{"taxonomy":"product_cat","embeddable":true,"href":"https:\/\/fk-secondhand.com\/en\/wp-json\/wp\/v2\/product_cat?post=868969"},{"taxonomy":"product_tag","embeddable":true,"href":"https:\/\/fk-secondhand.com\/en\/wp-json\/wp\/v2\/product_tag?post=868969"}],"curies":[{"name":"wp","href":"https:\/\/api.w.org\/{rel}","templated":true}]}}