{"id":882880,"date":"2023-03-08T08:30:01","date_gmt":"2023-03-08T07:30:01","guid":{"rendered":"https:\/\/fk-secondhand.com\/shop\/konica-hexasr-rf-verpackung-ohne-kamera\/"},"modified":"2023-03-08T08:30:09","modified_gmt":"2023-03-08T07:30:09","slug":"konica-hexasr-rf-verpackung-ohne-kamera","status":"publish","type":"product","link":"https:\/\/fk-secondhand.com\/en\/shop\/konica-hexasr-rf-verpackung-ohne-kamera\/","title":{"rendered":"Konica Hexasr RF Verpackung &#8211; OHNE KAMERA &#8211;"},"content":{"rendered":"<table class=\"woocommerce-product-attributes shop_attributes\">\n<tbody>\n<tr class=\"woocommerce-product-attributes-item wr-product-desc no-pair\">\n<th>&nbsp;<\/th>\n<td class=\"woocommerce-product-attributes-item__value\">Hexasr RF Verpackung  ohne inhalt<\/td>\n<\/tr>\n<\/tbody>\n<\/table>\n","protected":false},"excerpt":{"rendered":"<p>Konica Hexar  RF Verpackung f\u00fcr Geh\u00e4use mit Objektiv und Blitzger\u00e4t<\/p>\n","protected":false},"featured_media":882873,"template":"","meta":[],"product_brand":[],"product_cat":[1341],"product_tag":[],"class_list":{"0":"post-882880","1":"product","2":"type-product","3":"status-publish","4":"has-post-thumbnail","6":"product_cat-miscellaneous-accessories","7":"product_shipping_class-mail-up-to-2-kg","8":"pa_marke-konica-en","10":"first","11":"instock","12":"purchasable","13":"product-type-simple"},"_links":{"self":[{"href":"https:\/\/fk-secondhand.com\/en\/wp-json\/wp\/v2\/product\/882880","targetHints":{"allow":["GET"]}}],"collection":[{"href":"https:\/\/fk-secondhand.com\/en\/wp-json\/wp\/v2\/product"}],"about":[{"href":"https:\/\/fk-secondhand.com\/en\/wp-json\/wp\/v2\/types\/product"}],"wp:featuredmedia":[{"embeddable":true,"href":"https:\/\/fk-secondhand.com\/en\/wp-json\/wp\/v2\/media\/882873"}],"wp:attachment":[{"href":"https:\/\/fk-secondhand.com\/en\/wp-json\/wp\/v2\/media?parent=882880"}],"wp:term":[{"taxonomy":"product_brand","embeddable":true,"href":"https:\/\/fk-secondhand.com\/en\/wp-json\/wp\/v2\/product_brand?post=882880"},{"taxonomy":"product_cat","embeddable":true,"href":"https:\/\/fk-secondhand.com\/en\/wp-json\/wp\/v2\/product_cat?post=882880"},{"taxonomy":"product_tag","embeddable":true,"href":"https:\/\/fk-secondhand.com\/en\/wp-json\/wp\/v2\/product_tag?post=882880"}],"curies":[{"name":"wp","href":"https:\/\/api.w.org\/{rel}","templated":true}]}}