{"id":932721,"date":"2023-08-16T11:18:27","date_gmt":"2023-08-16T09:18:27","guid":{"rendered":"https:\/\/fk-secondhand.com\/shop\/leica-nah-geraet-fuer-aufnahmemassstaebe-115-12-13-zu-elmar-5cm-behoo-2\/"},"modified":"2023-08-16T11:18:35","modified_gmt":"2023-08-16T09:18:35","slug":"leica-nah-geraet-fuer-aufnahmemassstaebe-115-12-13-zu-elmar-5cm-behoo-2","status":"publish","type":"product","link":"https:\/\/fk-secondhand.com\/en\/shop\/leica-nah-geraet-fuer-aufnahmemassstaebe-115-12-13-zu-elmar-5cm-behoo-2\/","title":{"rendered":"Leica Nah Ger\u00e4t f\u00fcr Aufnahmema\u00dfst\u00e4be 1:1,5 1:2 1:3 zu Elmar 5cm BEHOO"},"content":{"rendered":"<table class=\"woocommerce-product-attributes shop_attributes\">\n<tbody>\n<tr class=\"woocommerce-product-attributes-item wr-product-desc\">\n<th class=\"woocommerce-product-attributes-item__label\">For tubs<\/th>\n<td class=\"woocommerce-product-attributes-item__value\">\n<p>1: 1.5 &#8211; 1: 2 &#8211; 1: 3<\/p>\n<\/td>\n<\/tr>\n<tr class=\"woocommerce-product-attributes-item wr-product-desc no-pair\">\n<th>&nbsp;<\/th>\n<td class=\"woocommerce-product-attributes-item__value\">Universal clamping ring (filter can be placed)<\/td>\n<\/tr>\n<tr class=\"woocommerce-product-attributes-item wr-product-desc no-pair\">\n<th>&nbsp;<\/th>\n<td class=\"woocommerce-product-attributes-item__value\">4 extendable bars<\/td>\n<\/tr>\n<tr class=\"woocommerce-product-attributes-item wr-product-desc no-pair\">\n<th>&nbsp;<\/th>\n<td class=\"woocommerce-product-attributes-item__value\">for M39 Elmar 5cm<\/td>\n<\/tr>\n<tr class=\"woocommerce-product-attributes-item wr-product-desc empty\">\n<th>&nbsp;<\/th>\n<td>&nbsp;<\/td>\n<\/tr>\n<tr class=\"woocommerce-product-attributes-item wr-product-desc no-pair\">\n<th>&nbsp;<\/th>\n<td class=\"woocommerce-product-attributes-item__value\">Usable on all Leica models except Leica M3<\/td>\n<\/tr>\n<\/tbody>\n<\/table>\n","protected":false},"excerpt":{"rendered":"<p>LEICA BEHOO<\/p>\n","protected":false},"featured_media":932716,"template":"","meta":[],"product_brand":[],"product_cat":[321],"product_tag":[],"class_list":{"0":"post-932721","1":"product","2":"type-product","3":"status-publish","4":"has-post-thumbnail","6":"product_cat-small-parts-accessories","7":"product_shipping_class-mail-up-to-2-kg","8":"pa_marke-leica-en","10":"first","11":"instock","12":"purchasable","13":"product-type-simple"},"_links":{"self":[{"href":"https:\/\/fk-secondhand.com\/en\/wp-json\/wp\/v2\/product\/932721","targetHints":{"allow":["GET"]}}],"collection":[{"href":"https:\/\/fk-secondhand.com\/en\/wp-json\/wp\/v2\/product"}],"about":[{"href":"https:\/\/fk-secondhand.com\/en\/wp-json\/wp\/v2\/types\/product"}],"wp:featuredmedia":[{"embeddable":true,"href":"https:\/\/fk-secondhand.com\/en\/wp-json\/wp\/v2\/media\/932716"}],"wp:attachment":[{"href":"https:\/\/fk-secondhand.com\/en\/wp-json\/wp\/v2\/media?parent=932721"}],"wp:term":[{"taxonomy":"product_brand","embeddable":true,"href":"https:\/\/fk-secondhand.com\/en\/wp-json\/wp\/v2\/product_brand?post=932721"},{"taxonomy":"product_cat","embeddable":true,"href":"https:\/\/fk-secondhand.com\/en\/wp-json\/wp\/v2\/product_cat?post=932721"},{"taxonomy":"product_tag","embeddable":true,"href":"https:\/\/fk-secondhand.com\/en\/wp-json\/wp\/v2\/product_tag?post=932721"}],"curies":[{"name":"wp","href":"https:\/\/api.w.org\/{rel}","templated":true}]}}