{"id":944018,"date":"2023-09-07T17:10:00","date_gmt":"2023-09-07T15:10:00","guid":{"rendered":"https:\/\/fk-secondhand.com\/shop\/haehnel-kabelausloeser-fuer-nikon\/"},"modified":"2023-09-07T17:10:20","modified_gmt":"2023-09-07T15:10:20","slug":"haehnel-kabelausloeser-fuer-nikon","status":"publish","type":"product","link":"https:\/\/fk-secondhand.com\/en\/shop\/haehnel-kabelausloeser-fuer-nikon\/","title":{"rendered":"H\u00e4hnel Kabelausl\u00f6ser f\u00fcr NIKON"},"content":{"rendered":"<table class=\"woocommerce-product-attributes shop_attributes\">\n<tbody>\n<tr class=\"woocommerce-product-attributes-item wr-product-desc\">\n<th class=\"woocommerce-product-attributes-item__label\">Suitable for<\/th>\n<td class=\"woocommerce-product-attributes-item__value\">\n<p>Coolpix A, D90, D600, D610, D750, D3100, D5000, D5100, D5200, D5300, D7000, D7100, D7200, Df, P7700, P7800<\/p>\n<\/td>\n<\/tr>\n<\/tbody>\n<\/table>\n","protected":false},"excerpt":{"rendered":"<p>Cable release for Nikon<\/p>\n","protected":false},"featured_media":944013,"template":"","meta":[],"product_brand":[],"product_cat":[342],"product_tag":[],"class_list":{"0":"post-944018","1":"product","2":"type-product","3":"status-publish","4":"has-post-thumbnail","6":"product_cat-camera-triggers-remotes","7":"product_shipping_class-mail-up-to-2-kg","8":"pa_marke-haehnel-en","10":"first","11":"outofstock","12":"purchasable","13":"product-type-simple"},"_links":{"self":[{"href":"https:\/\/fk-secondhand.com\/en\/wp-json\/wp\/v2\/product\/944018","targetHints":{"allow":["GET"]}}],"collection":[{"href":"https:\/\/fk-secondhand.com\/en\/wp-json\/wp\/v2\/product"}],"about":[{"href":"https:\/\/fk-secondhand.com\/en\/wp-json\/wp\/v2\/types\/product"}],"wp:featuredmedia":[{"embeddable":true,"href":"https:\/\/fk-secondhand.com\/en\/wp-json\/wp\/v2\/media\/944013"}],"wp:attachment":[{"href":"https:\/\/fk-secondhand.com\/en\/wp-json\/wp\/v2\/media?parent=944018"}],"wp:term":[{"taxonomy":"product_brand","embeddable":true,"href":"https:\/\/fk-secondhand.com\/en\/wp-json\/wp\/v2\/product_brand?post=944018"},{"taxonomy":"product_cat","embeddable":true,"href":"https:\/\/fk-secondhand.com\/en\/wp-json\/wp\/v2\/product_cat?post=944018"},{"taxonomy":"product_tag","embeddable":true,"href":"https:\/\/fk-secondhand.com\/en\/wp-json\/wp\/v2\/product_tag?post=944018"}],"curies":[{"name":"wp","href":"https:\/\/api.w.org\/{rel}","templated":true}]}}