{"id":950389,"date":"2023-10-02T10:43:05","date_gmt":"2023-10-02T08:43:05","guid":{"rendered":"https:\/\/fk-secondhand.com\/shop\/buch-vergroessern-mit-allen-finessen\/"},"modified":"2024-10-06T10:13:56","modified_gmt":"2024-10-06T08:13:56","slug":"buch-vergroessern-mit-allen-finessen","status":"publish","type":"product","link":"https:\/\/fk-secondhand.com\/en\/shop\/buch-vergroessern-mit-allen-finessen\/","title":{"rendered":"Buch &#8211; Vergr\u00f6\u00dfern mit allen Finessen"},"content":{"rendered":"<table class=\"woocommerce-product-attributes shop_attributes\">\n<tbody>\n<tr class=\"woocommerce-product-attributes-item wr-product-desc\">\n<th class=\"woocommerce-product-attributes-item__label\">Verlag<\/th>\n<td class=\"woocommerce-product-attributes-item__value\">\n<p>Heering-Verlag<\/p>\n<\/td>\n<\/tr>\n<tr class=\"woocommerce-product-attributes-item wr-product-desc\">\n<th class=\"woocommerce-product-attributes-item__label\">Autor:in(nen)<\/th>\n<td class=\"woocommerce-product-attributes-item__value\">\n<p>Dr. Otto Croy<\/p>\n<\/td>\n<\/tr>\n<tr class=\"woocommerce-product-attributes-item wr-product-desc\">\n<th class=\"woocommerce-product-attributes-item__label\">Erscheinungsjahr<\/th>\n<td class=\"woocommerce-product-attributes-item__value\">\n<p>1950<\/p>\n<\/td>\n<\/tr>\n<tr class=\"woocommerce-product-attributes-item wr-product-desc\">\n<th class=\"woocommerce-product-attributes-item__label\">Sprache<\/th>\n<td class=\"woocommerce-product-attributes-item__value\">\n<p>Deutsch<\/p>\n<\/td>\n<\/tr>\n<tr class=\"woocommerce-product-attributes-item wr-product-desc\">\n<th class=\"woocommerce-product-attributes-item__label\">Format<\/th>\n<td class=\"woocommerce-product-attributes-item__value\">\n<p>Gebundene Ausgabe<\/p>\n<\/td>\n<\/tr>\n<tr class=\"woocommerce-product-attributes-item wr-product-desc\">\n<th class=\"woocommerce-product-attributes-item__label\">Seitenanzahl<\/th>\n<td class=\"woocommerce-product-attributes-item__value\">\n<p>241<\/p>\n<\/td>\n<\/tr>\n<tr class=\"woocommerce-product-attributes-item wr-product-desc\">\n<th class=\"woocommerce-product-attributes-item__label\">Abbildung<\/th>\n<td class=\"woocommerce-product-attributes-item__value\">\n<p>Schwarz\/Wei\u00df<\/p>\n<\/td>\n<\/tr>\n<\/tbody>\n<\/table>\n","protected":false},"excerpt":{"rendered":"<p>Buch zur Schwarz\/Wei\u00df Vergr\u00f6\u00dferung<\/p>\n","protected":false},"featured_media":1082048,"template":"","meta":[],"product_brand":[],"product_cat":[457],"product_tag":[],"class_list":{"0":"post-950389","1":"product","2":"type-product","3":"status-publish","4":"has-post-thumbnail","6":"product_cat-handbuecher","7":"product_shipping_class-post-bis-2-kg","9":"first","10":"outofstock","11":"purchasable","12":"product-type-simple"},"_links":{"self":[{"href":"https:\/\/fk-secondhand.com\/en\/wp-json\/wp\/v2\/product\/950389","targetHints":{"allow":["GET"]}}],"collection":[{"href":"https:\/\/fk-secondhand.com\/en\/wp-json\/wp\/v2\/product"}],"about":[{"href":"https:\/\/fk-secondhand.com\/en\/wp-json\/wp\/v2\/types\/product"}],"wp:featuredmedia":[{"embeddable":true,"href":"https:\/\/fk-secondhand.com\/en\/wp-json\/wp\/v2\/media\/1082048"}],"wp:attachment":[{"href":"https:\/\/fk-secondhand.com\/en\/wp-json\/wp\/v2\/media?parent=950389"}],"wp:term":[{"taxonomy":"product_brand","embeddable":true,"href":"https:\/\/fk-secondhand.com\/en\/wp-json\/wp\/v2\/product_brand?post=950389"},{"taxonomy":"product_cat","embeddable":true,"href":"https:\/\/fk-secondhand.com\/en\/wp-json\/wp\/v2\/product_cat?post=950389"},{"taxonomy":"product_tag","embeddable":true,"href":"https:\/\/fk-secondhand.com\/en\/wp-json\/wp\/v2\/product_tag?post=950389"}],"curies":[{"name":"wp","href":"https:\/\/api.w.org\/{rel}","templated":true}]}}