{"id":986492,"date":"2024-01-12T09:30:35","date_gmt":"2024-01-12T08:30:35","guid":{"rendered":"https:\/\/fk-secondhand.com\/shop\/voigtlaender-broschuere-sein-stolz-eine-voigtlaender\/"},"modified":"2024-01-12T09:30:42","modified_gmt":"2024-01-12T08:30:42","slug":"voigtlaender-broschuere-sein-stolz-eine-voigtlaender","status":"publish","type":"product","link":"https:\/\/fk-secondhand.com\/en\/shop\/voigtlaender-broschuere-sein-stolz-eine-voigtlaender\/","title":{"rendered":"Voigtl\u00e4nder Brosch\u00fcre &#8211; Sein Stolz eine Voigtl\u00e4nder"},"content":{"rendered":"<table class=\"woocommerce-product-attributes shop_attributes\">\n<tbody>\n<tr class=\"woocommerce-product-attributes-item wr-product-desc\">\n<th class=\"woocommerce-product-attributes-item__label\">Pages<\/th>\n<td class=\"woocommerce-product-attributes-item__value\">\n<p>64<\/p>\n<\/td>\n<\/tr>\n<tr class=\"woocommerce-product-attributes-item wr-product-desc\">\n<th class=\"woocommerce-product-attributes-item__label\">Format<\/th>\n<td class=\"woocommerce-product-attributes-item__value\">\n<p>21x15cm<\/p>\n<\/td>\n<\/tr>\n<tr class=\"woocommerce-product-attributes-item wr-product-desc\">\n<th class=\"woocommerce-product-attributes-item__label\">Illustrations<\/th>\n<td class=\"woocommerce-product-attributes-item__value\">\n<p>Black and white<\/p>\n<\/td>\n<\/tr>\n<\/tbody>\n<\/table>\n","protected":false},"excerpt":{"rendered":"<p>Brochure of various Voigtl\u00e4nder cameras<\/p>\n","protected":false},"featured_media":986487,"template":"","meta":[],"product_brand":[],"product_cat":[1332],"product_tag":[],"class_list":{"0":"post-986492","1":"product","2":"type-product","3":"status-publish","4":"has-post-thumbnail","6":"product_cat-books-journals-magazines","7":"product_shipping_class-mail-up-to-2-kg","8":"pa_marke-voigtlaender-en","10":"first","11":"instock","12":"purchasable","13":"product-type-simple"},"_links":{"self":[{"href":"https:\/\/fk-secondhand.com\/en\/wp-json\/wp\/v2\/product\/986492","targetHints":{"allow":["GET"]}}],"collection":[{"href":"https:\/\/fk-secondhand.com\/en\/wp-json\/wp\/v2\/product"}],"about":[{"href":"https:\/\/fk-secondhand.com\/en\/wp-json\/wp\/v2\/types\/product"}],"wp:featuredmedia":[{"embeddable":true,"href":"https:\/\/fk-secondhand.com\/en\/wp-json\/wp\/v2\/media\/986487"}],"wp:attachment":[{"href":"https:\/\/fk-secondhand.com\/en\/wp-json\/wp\/v2\/media?parent=986492"}],"wp:term":[{"taxonomy":"product_brand","embeddable":true,"href":"https:\/\/fk-secondhand.com\/en\/wp-json\/wp\/v2\/product_brand?post=986492"},{"taxonomy":"product_cat","embeddable":true,"href":"https:\/\/fk-secondhand.com\/en\/wp-json\/wp\/v2\/product_cat?post=986492"},{"taxonomy":"product_tag","embeddable":true,"href":"https:\/\/fk-secondhand.com\/en\/wp-json\/wp\/v2\/product_tag?post=986492"}],"curies":[{"name":"wp","href":"https:\/\/api.w.org\/{rel}","templated":true}]}}