{"id":990423,"date":"2024-01-18T09:51:32","date_gmt":"2024-01-18T08:51:32","guid":{"rendered":"https:\/\/fk-secondhand.com\/shop\/schneider-goettingen-repronar-11cm-vergroesserungsobjektiv-27404\/"},"modified":"2024-01-18T09:51:43","modified_gmt":"2024-01-18T08:51:43","slug":"schneider-goettingen-repronar-11cm-vergroesserungsobjektiv-27404","status":"publish","type":"product","link":"https:\/\/fk-secondhand.com\/en\/shop\/schneider-goettingen-repronar-11cm-vergroesserungsobjektiv-27404\/","title":{"rendered":"Schneider G\u00f6ttingen Repronar 11cm Vergr\u00f6\u00dferungsobjektiv  &#8211; #27404"},"content":{"rendered":"<table class=\"woocommerce-product-attributes shop_attributes\">\n<tbody>\n<tr class=\"woocommerce-product-attributes-item wr-product-desc\">\n<th class=\"woocommerce-product-attributes-item__label\">Bayonet<\/th>\n<td class=\"woocommerce-product-attributes-item__value\">\n<p>M39 screw thread<\/p>\n<\/td>\n<\/tr>\n<tr class=\"woocommerce-product-attributes-item wr-product-desc\">\n<th class=\"woocommerce-product-attributes-item__label\">Focal Length<\/th>\n<td class=\"woocommerce-product-attributes-item__value\">\n<p>110mm<\/p>\n<\/td>\n<\/tr>\n<\/tbody>\n<\/table>\n","protected":false},"excerpt":{"rendered":"<p>Enlarger lens made by Schneider G\u00f6ttingen <\/p>\n","protected":false},"featured_media":990414,"template":"","meta":[],"product_brand":[],"product_cat":[320],"product_tag":[],"class_list":{"0":"post-990423","1":"product","2":"type-product","3":"status-publish","4":"has-post-thumbnail","6":"product_cat-antique-lenses","7":"product_shipping_class-mail-up-to-2-kg","9":"first","10":"instock","11":"purchasable","12":"product-type-simple"},"_links":{"self":[{"href":"https:\/\/fk-secondhand.com\/en\/wp-json\/wp\/v2\/product\/990423","targetHints":{"allow":["GET"]}}],"collection":[{"href":"https:\/\/fk-secondhand.com\/en\/wp-json\/wp\/v2\/product"}],"about":[{"href":"https:\/\/fk-secondhand.com\/en\/wp-json\/wp\/v2\/types\/product"}],"wp:featuredmedia":[{"embeddable":true,"href":"https:\/\/fk-secondhand.com\/en\/wp-json\/wp\/v2\/media\/990414"}],"wp:attachment":[{"href":"https:\/\/fk-secondhand.com\/en\/wp-json\/wp\/v2\/media?parent=990423"}],"wp:term":[{"taxonomy":"product_brand","embeddable":true,"href":"https:\/\/fk-secondhand.com\/en\/wp-json\/wp\/v2\/product_brand?post=990423"},{"taxonomy":"product_cat","embeddable":true,"href":"https:\/\/fk-secondhand.com\/en\/wp-json\/wp\/v2\/product_cat?post=990423"},{"taxonomy":"product_tag","embeddable":true,"href":"https:\/\/fk-secondhand.com\/en\/wp-json\/wp\/v2\/product_tag?post=990423"}],"curies":[{"name":"wp","href":"https:\/\/api.w.org\/{rel}","templated":true}]}}