{"id":991404,"date":"2024-01-19T09:01:34","date_gmt":"2024-01-19T08:01:34","guid":{"rendered":"https:\/\/fk-secondhand.com\/shop\/hedler-maxibackground-reflektor-7019\/"},"modified":"2024-01-19T09:01:42","modified_gmt":"2024-01-19T08:01:42","slug":"hedler-maxibackground-reflektor-7019","status":"publish","type":"product","link":"https:\/\/fk-secondhand.com\/en\/shop\/hedler-maxibackground-reflektor-7019\/","title":{"rendered":"Hedler MaxiBackground Reflektor 7019"},"content":{"rendered":"<table class=\"woocommerce-product-attributes shop_attributes\">\n<tbody>\n<tr class=\"woocommerce-product-attributes-item wr-product-desc no-pair\">\n<th>&nbsp;<\/th>\n<td class=\"woocommerce-product-attributes-item__value\">Belastbar bis 2000 W erzeugt dieser Reflektor v.a. auf Hintergr\u00fcnden wirkstarke Verl\u00e4ufe (f\u00fcr Farbverl\u00e4ufe siehe Farbfilterfolien als optionales Zubeh\u00f6r). Durch die Ausrichtung und Distanzvariation zum Hintergrund lassen sich sowohl Form als auch Intensit\u00e4t der Verl\u00e4ufe sehr gut steuern. Der MaxiBackground ist ein Sonderreflektor und eignet sich ideal als Effektlicht. Mit wei\u00dfer Innenfl\u00e4che.<\/td>\n<\/tr>\n<tr class=\"woocommerce-product-attributes-item wr-product-desc empty\">\n<th>&nbsp;<\/th>\n<td>&nbsp;<\/td>\n<\/tr>\n<tr class=\"woocommerce-product-attributes-item wr-product-desc\">\n<th class=\"woocommerce-product-attributes-item__label\">ACHTUNG<\/th>\n<td class=\"woocommerce-product-attributes-item__value\">\n<p>Der HEDLER MaxiBeauty darf mit HEDLER Dauerlichtleuchten nur bis maximal 2000 Watt eingesetzt werden!<\/p>\n<\/td>\n<\/tr>\n<\/tbody>\n<\/table>\n","protected":false},"excerpt":{"rendered":"<p>HEDLER MaxiBackground<\/p>\n","protected":false},"featured_media":991399,"template":"","meta":[],"product_brand":[],"product_cat":[311],"product_tag":[],"class_list":{"0":"post-991404","1":"product","2":"type-product","3":"status-publish","4":"has-post-thumbnail","6":"product_cat-studio-equipment","7":"product_shipping_class-mail-up-to-2-kg","8":"pa_marke-hedler-en","10":"first","11":"instock","12":"purchasable","13":"product-type-simple"},"_links":{"self":[{"href":"https:\/\/fk-secondhand.com\/en\/wp-json\/wp\/v2\/product\/991404","targetHints":{"allow":["GET"]}}],"collection":[{"href":"https:\/\/fk-secondhand.com\/en\/wp-json\/wp\/v2\/product"}],"about":[{"href":"https:\/\/fk-secondhand.com\/en\/wp-json\/wp\/v2\/types\/product"}],"wp:featuredmedia":[{"embeddable":true,"href":"https:\/\/fk-secondhand.com\/en\/wp-json\/wp\/v2\/media\/991399"}],"wp:attachment":[{"href":"https:\/\/fk-secondhand.com\/en\/wp-json\/wp\/v2\/media?parent=991404"}],"wp:term":[{"taxonomy":"product_brand","embeddable":true,"href":"https:\/\/fk-secondhand.com\/en\/wp-json\/wp\/v2\/product_brand?post=991404"},{"taxonomy":"product_cat","embeddable":true,"href":"https:\/\/fk-secondhand.com\/en\/wp-json\/wp\/v2\/product_cat?post=991404"},{"taxonomy":"product_tag","embeddable":true,"href":"https:\/\/fk-secondhand.com\/en\/wp-json\/wp\/v2\/product_tag?post=991404"}],"curies":[{"name":"wp","href":"https:\/\/api.w.org\/{rel}","templated":true}]}}